{"id":4770,"date":"2025-08-28T05:49:24","date_gmt":"2025-08-28T05:49:24","guid":{"rendered":"https:\/\/staging-dev-mt.cdcndevelopment.com\/?page_id=4770"},"modified":"2025-10-13T06:34:17","modified_gmt":"2025-10-13T06:34:17","slug":"job-duties-rn","status":"publish","type":"page","link":"https:\/\/www.consumerdirectmt.com\/vi\/job-duties-rn\/","title":{"rendered":"Nhi\u1ec7m v\u1ee5 c\u00f4ng vi\u1ec7c - \u0110i\u1ec1u d\u01b0\u1ee1ng"},"content":{"rendered":"<div data-elementor-type=\"wp-page\" data-elementor-id=\"4770\" class=\"elementor elementor-4770\" data-elementor-post-type=\"page\">\n\t\t\t\t<div class=\"elementor-element elementor-element-65efcc66 e-flex e-con-boxed e-con e-parent\" data-id=\"65efcc66\" data-element_type=\"container\">\n\t\t\t\t\t<div class=\"e-con-inner\">\n\t\t\t\t<div class=\"elementor-element elementor-element-78e0f087 elementor-widget elementor-widget-text-editor\" data-id=\"78e0f087\" data-element_type=\"widget\" data-widget_type=\"text-editor.default\">\n\t\t\t\t<div class=\"elementor-widget-container\">\n\t\t\t\t\t\t\t\t\t\n<p>M\u1ee5c ti\u00eau c\u1ee7a ch\u0103m s\u00f3c y t\u1ebf t\u1ea1i nh\u00e0 l\u00e0 h\u1ed7 tr\u1ee3 b\u1ec7nh nh\u00e2n v\u00e0 gia \u0111\u00ecnh c\u1ea3i thi\u1ec7n ch\u1ea5t l\u01b0\u1ee3ng cu\u1ed9c s\u1ed1ng b\u1eb1ng c\u00e1ch gi\u00fap b\u1ec7nh nh\u00e2n tr\u1edf n\u00ean \u0111\u1ed9c l\u1eadp nh\u1ea5t c\u00f3 th\u1ec3 th\u00f4ng qua vi\u1ec7c duy tr\u00ec m\u1ee9c \u0111\u1ed9 s\u1ee9c kh\u1ecfe cao nh\u1ea5t c\u00f3 th\u1ec3. Ch\u0103m s\u00f3c y t\u1ebf t\u1ea1i nh\u00e0 do \u0111i\u1ec1u d\u01b0\u1ee1ng th\u1ef1c h\u00e0nh c\u00f3 gi\u1ea5y ph\u00e9p th\u1ef1c hi\u1ec7n bao g\u1ed3m vi\u1ec7c h\u1ed7 tr\u1ee3 c\u00e1 nh\u00e2n ho\u1eb7c nh\u00f3m c\u00e1 nh\u00e2n \u0111\u1ec3 th\u00fac \u0111\u1ea9y, duy tr\u00ec ho\u1eb7c ph\u1ee5c h\u1ed3i s\u1ee9c kh\u1ecfe t\u1ed1i \u01b0u trong su\u1ed1t qu\u00e1 tr\u00ecnh cu\u1ed9c s\u1ed1ng b\u1eb1ng c\u00e1ch \u0111\u00e1nh gi\u00e1, b\u00e1o c\u00e1o v\u00e0 ghi ch\u00e9p t\u00ecnh tr\u1ea1ng s\u1ee9c kh\u1ecfe c\u1ee7a h\u1ecd; tham gia v\u00e0o vi\u1ec7c l\u1eadp k\u1ebf ho\u1ea1ch; th\u1ef1c hi\u1ec7n chi\u1ebfn l\u01b0\u1ee3c ch\u0103m s\u00f3c \u0111\u1ec3 \u0111\u1ea1t \u0111\u01b0\u1ee3c c\u00e1c m\u1ee5c ti\u00eau \u0111\u00e3 \u0111\u1ecbnh, c\u00f3 th\u1ec3 bao g\u1ed3m m\u1ed1i quan h\u1ec7 h\u1ee3p t\u00e1c v\u1edbi c\u00e1c nh\u00e0 tr\u1ecb li\u1ec7u, c\u00f4ng t\u00e1c x\u00e3 h\u1ed9i, chuy\u00ean gia dinh d\u01b0\u1ee1ng, \u0111i\u1ec1u d\u01b0\u1ee1ng c\u00f3 gi\u1ea5y ph\u00e9p v\u00e0 nh\u00e2n vi\u00ean ch\u0103m s\u00f3c y t\u1ebf t\u1ea1i nh\u00e0; v\u00e0 \u0111\u00f3ng g\u00f3p v\u00e0o vi\u1ec7c \u0111\u00e1nh gi\u00e1 ch\u0103m s\u00f3c v\u00e0 \u0111i\u1ec1u tr\u1ecb.<\/p>\n\n<h5 class=\"wp-block-heading heading5_spaces\">CH\u1ee8C N\u0102NG CH\u00cdNH \u2013 \u0110i\u1ec1u d\u01b0\u1ee1ng vi\u00ean (RN)<\/h5>\n\n<ul class=\"wp-block-list\">\n<li>H\u1ed7 tr\u1ee3 trong vi\u1ec7c cung c\u1ea5p ch\u0103m s\u00f3c cho kh\u00e1ch h\u00e0ng v\u00e0 h\u1ee3p t\u00e1c v\u1edbi Qu\u1ea3n l\u00fd Ch\u01b0\u01a1ng tr\u00ecnh v\u00e0 Ho\u1ea1t \u0111\u1ed9ng trong vi\u1ec7c l\u1eadp k\u1ebf ho\u1ea1ch ch\u0103m s\u00f3c.<\/li>\n\n<li>Quan s\u00e1t, x\u00e1c \u0111\u1ecbnh v\u00e0 ghi ch\u00e9p b\u1ea5t k\u1ef3 d\u1ea5u hi\u1ec7u v\u00e0 tri\u1ec7u ch\u1ee9ng n\u00e0o li\u00ean quan \u0111\u1ebfn s\u1ef1 thay \u0111\u1ed5i trong t\u00ecnh tr\u1ea1ng th\u1ec3 ch\u1ea5t, tinh th\u1ea7n\/t\u00e2m l\u00fd\/x\u00e3 h\u1ed9i c\u1ee7a kh\u00e1ch h\u00e0ng, ph\u1ea3n \u1ee9ng v\u00e0 thu\u1ed1c men, c\u0169ng nh\u01b0 c\u00e1c y\u1ebfu t\u1ed1 an to\u00e0n m\u00f4i tr\u01b0\u1eddng.<\/li>\n\n<li>H\u01b0\u1edbng d\u1eabn, gi\u00e1m s\u00e1t v\u00e0 t\u01b0 v\u1ea5n cho b\u1ec7nh nh\u00e2n v\u00e0\/ho\u1eb7c ng\u01b0\u1eddi ch\u0103m s\u00f3c t\u1ea1i nh\u00e0 v\u1ec1 c\u00e1c nhu c\u1ea7u ch\u0103m s\u00f3c y t\u1ebf v\u00e0 c\u00e1c v\u1ea5n \u0111\u1ec1 li\u00ean quan kh\u00e1c trong ch\u0103m s\u00f3c s\u1ee9c kh\u1ecfe t\u1ea1i nh\u00e0 nh\u1eb1m \u0111\u1ea3m b\u1ea3o s\u1ef1 li\u00ean t\u1ee5c trong ch\u0103m s\u00f3c.<\/li>\n\n<li>B\u1ea3o \u0111\u1ea3m ghi ch\u00e9p ch\u00ednh x\u00e1c v\u00e0 k\u1ecbp th\u1eddi, \u0111\u1ed3ng th\u1eddi tu\u00e2n th\u1ee7 nguy\u00ean t\u1eafc b\u1ea3o m\u1eadt c\u1ee7a h\u1ed3 s\u01a1 y t\u1ebf.<\/li>\n\n<li>Tham gia v\u00e0o qu\u00e1 tr\u00ecnh \u0111\u00e1nh gi\u00e1 l\u1ea1i k\u1ebf ho\u1ea1ch ch\u0103m s\u00f3c c\u1ee7a b\u00e1c s\u0129, bao g\u1ed3m vi\u1ec7c vi\u1ebft b\u00e1o c\u00e1o \u0111\u00e1nh gi\u00e1 \u0111i\u1ec1u d\u01b0\u1ee1ng v\u00e0 t\u00f3m t\u1eaft xu\u1ea5t vi\u1ec7n theo y\u00eau c\u1ea7u c\u1ee7a Qu\u1ea3n l\u00fd Ch\u01b0\u01a1ng tr\u00ecnh\/Ho\u1ea1t \u0111\u1ed9ng.<\/li>\n\n<li>Tham d\u1ef1 c\u00e1c cu\u1ed9c h\u1ecdp c\u1ee7a nh\u00e2n vi\u00ean, cu\u1ed9c h\u1ecdp li\u00ean ng\u00e0nh, cu\u1ed9c h\u1ecdp c\u1ee7a \u0111i\u1ec1u d\u01b0\u1ee1ng v\u00e0 c\u00e1c bu\u1ed5i \u0111\u00e0o t\u1ea1o n\u1ed9i b\u1ed9 theo l\u1ecbch tr\u00ecnh.<\/li>\n\n<li>H\u1ed7 tr\u1ee3 di chuy\u1ec3n v\u00e0 chuy\u1ec3n \u0111\u1ed5i t\u01b0 th\u1ebf.<\/li>\n\n<li>H\u1ed7 tr\u1ee3 th\u1ef1c hi\u1ec7n c\u00e1c b\u00e0i t\u1eadp v\u1eadn \u0111\u1ed9ng theo k\u1ebf ho\u1ea1ch ch\u0103m s\u00f3c.<\/li>\n\n<li>B\u00e1o c\u00e1o ngay l\u1eadp t\u1ee9c cho \u0111i\u1ec1u d\u01b0\u1ee1ng tr\u01b0\u1edfng v\u1ec1 b\u1ea5t k\u1ef3 thay \u0111\u1ed5i n\u00e0o trong t\u00ecnh tr\u1ea1ng c\u1ee7a b\u1ec7nh nh\u00e2n.<\/li>\n\n<li>C\u00f3 th\u1ec3 tham gia v\u00e0o vi\u1ec7c h\u01b0\u1edbng d\u1eabn c\u00e1c \u0111i\u1ec1u d\u01b0\u1ee1ng m\u1edbi trong c\u00e1c chuy\u1ebfn th\u0103m nh\u00e0 c\u00f9ng v\u1edbi \u0111i\u1ec1u d\u01b0\u1ee1ng ch\u00ednh (RN).<\/li>\n\n<li>C\u00e1c nhi\u1ec7m v\u1ee5 kh\u00e1c theo s\u1ef1 ph\u00e2n c\u00f4ng.<\/li>\n\n<li>CDCN c\u00f3 quy\u1ec1n thay \u0111\u1ed5i m\u00f4 t\u1ea3 c\u00f4ng vi\u1ec7c m\u00e0 kh\u00f4ng c\u1ea7n \u00fd ki\u1ebfn \u0111\u00f3ng g\u00f3p t\u1eeb nh\u00e2n vi\u00ean.<\/li>\n<\/ul>\n\n<h5 class=\"wp-block-heading heading5_spaces\">TI\u00caU CHU\u1ea8N LAO \u0110\u1ed8NG<\/h5>\n\n<ul class=\"wp-block-list\">\n<li>T\u1ed1t nghi\u1ec7p t\u1eeb m\u1ed9t tr\u01b0\u1eddng \u0111i\u1ec1u d\u01b0\u1ee1ng \u0111\u01b0\u1ee3c c\u00f4ng nh\u1eadn v\u00e0 c\u00f3 gi\u1ea5y ph\u00e9p h\u00e0nh ngh\u1ec1 \u0111i\u1ec1u d\u01b0\u1ee1ng (RN) ho\u1eb7c \u0111i\u1ec1u d\u01b0\u1ee1ng vi\u00ean (LPN).<\/li>\n\n<li>\u01afu ti\u00ean \u1ee9ng vi\u00ean c\u00f3 kinh nghi\u1ec7m trong l\u0129nh v\u1ef1c ch\u0103m s\u00f3c s\u1ee9c kh\u1ecfe t\u1ea1i nh\u00e0.<\/li>\n\n<li>Y\u00eau c\u1ea7u tu\u00e2n th\u1ee7 c\u00e1c quy \u0111\u1ecbnh c\u1ee7a Bang Montana v\u1ec1 vi\u1ec7c c\u1ea5p ph\u00e9p hi\u1ec7n t\u1ea1i cho \u0111i\u1ec1u d\u01b0\u1ee1ng vi\u00ean \u0111\u0103ng k\u00fd ho\u1eb7c \u0111i\u1ec1u d\u01b0\u1ee1ng vi\u00ean th\u1ef1c h\u00e0nh c\u00f3 gi\u1ea5y ph\u00e9p.<\/li>\n\n<li>Ho\u00e0n th\u00e0nh b\u1ea3n t\u1ef1 khai cho Danh s\u00e1ch Ki\u1ebfn th\u1ee9c\/K\u1ef9 n\u0103ng\/N\u0103ng l\u1ef1c.<\/li>\n\n<li>Ho\u00e0n th\u00e0nh c\u00e1c b\u00e0i ki\u1ec3m tra n\u0103ng l\u1ef1c b\u1eaft bu\u1ed9c.<\/li>\n\n<li>Kh\u1ea3 n\u0103ng l\u00e0m vi\u1ec7c trong m\u00f4i tr\u01b0\u1eddng c\u00f3 nh\u1ecbp \u0111\u1ed9 nhanh.<\/li>\n\n<li>K\u1ef9 n\u0103ng t\u1ed5 ch\u1ee9c t\u1ed1t.<\/li>\n\n<li>K\u1ef9 n\u0103ng l\u1eadp t\u00e0i li\u1ec7u v\u00e0 giao ti\u1ebfp b\u1eb1ng l\u1eddi n\u00f3i xu\u1ea5t s\u1eafc.<\/li>\n\n<li>Kh\u1ea3 n\u0103ng l\u00e0m vi\u1ec7c \u0111\u1ed9c l\u1eadp v\u00e0 h\u1ee3p t\u00e1c hi\u1ec7u qu\u1ea3.<\/li>\n\n<li>B\u1eb1ng ch\u1ee9ng v\u1ec1 k\u1ebft qu\u1ea3 x\u00e9t nghi\u1ec7m lao \u00e2m t\u00ednh trong qu\u00e1 kh\u1ee9.<\/li>\n\n<li>Gi\u1eef ch\u1ee9ng ch\u1ec9 CPR hi\u1ec7n t\u1ea1i.<\/li>\n\n<li>Kh\u00e1c:\n<ul class=\"wp-block-list\">\n<li>Ho\u00e0n t\u1ea5t quy tr\u00ecnh tuy\u1ec3n d\u1ee5ng.<\/li>\n\n<li>Cung c\u1ea5p c\u00e1c t\u00e0i li\u1ec7u tham kh\u1ea3o.<\/li>\n\n<li>Tu\u00e2n th\u1ee7 c\u00e1c y\u00eau c\u1ea7u c\u1ee7a OSHA.<\/li>\n\n<li>Tu\u00e2n th\u1ee7 c\u00e1c ti\u00eau chu\u1ea9n chuy\u00ean m\u00f4n\/ng\u00e0nh ngh\u1ec1 v\u1ec1 th\u1ef1c h\u00e0nh\/ch\u0103m s\u00f3c.<\/li>\n\n<li>Tu\u00e2n th\u1ee7 \u0111\u1ea1o \u0111\u1ee9c ngh\u1ec1 nghi\u1ec7p\/ng\u00e0nh ngh\u1ec1.<\/li>\n\n<li>Ph\u1ea3i c\u00f3 gi\u1ea5y ph\u00e9p l\u00e1i xe Montana c\u00f2n hi\u1ec7u l\u1ef1c v\u00e0 b\u1ea3o hi\u1ec3m \u00f4 t\u00f4 h\u1ee3p l\u1ec7.<\/li>\n\n<li>Ph\u1ea3i c\u00f3 ph\u01b0\u01a1ng ti\u1ec7n di chuy\u1ec3n \u0111\u00e1ng tin c\u1eady.<\/li>\n<\/ul>\n<\/li>\n<\/ul>\n\n<h5 class=\"wp-block-heading heading5_spaces\">\u0110I\u1ec0U KI\u1ec6N L\u00c0M VI\u1ec6C\/M\u00d4I TR\u01af\u1edcNG<\/h5>\n\n<p>Ch\u1ee7 y\u1ebfu l\u00e0m vi\u1ec7c t\u1ea1i khu v\u1ef1c \u0111\u01b0\u1ee3c thu\u00ea. Vi\u1ec7c di chuy\u1ec3n trong khu v\u1ef1c \u0111\u1ecba ph\u01b0\u01a1ng l\u00e0 b\u1eaft bu\u1ed9c, th\u1ec9nh tho\u1ea3ng c\u00f3 th\u1ec3 y\u00eau c\u1ea7u di chuy\u1ec3n \u0111\u01b0\u1eddng d\u00e0i; ng\u01b0\u1eddi \u0111\u00f3 s\u1ebd ph\u1ea3i t\u1ef1 cung c\u1ea5p ph\u01b0\u01a1ng ti\u1ec7n di chuy\u1ec3n c\u1ee7a m\u00ecnh.<br \/>V\u1eadn t\u1ea3i. Ph\u1ea3i c\u00f3 quy\u1ec1n truy c\u1eadp v\u00e0o \u0111i\u1ec7n tho\u1ea1i.<\/p>\n\t\t\t\t\t\t\t\t<\/div>\n\t\t\t\t<\/div>\n\t\t\t\t\t<\/div>\n\t\t\t\t<\/div>\n\t\t\t\t<\/div>","protected":false},"excerpt":{"rendered":"<p>M\u1ee5c ti\u00eau c\u1ee7a ch\u0103m s\u00f3c y t\u00e1 t\u1ea1i nh\u00e0 l\u00e0 h\u1ed7 tr\u1ee3 b\u1ec7nh nh\u00e2n v\u00e0 gia \u0111\u00ecnh c\u1ea3i thi\u1ec7n ch\u1ea5t l\u01b0\u1ee3ng cu\u1ed9c s\u1ed1ng b\u1eb1ng c\u00e1ch gi\u00fap b\u1ec7nh nh\u00e2n tr\u1edf n\u00ean \u0111\u1ed9c l\u1eadp nh\u1ea5t c\u00f3 th\u1ec3 th\u00f4ng qua vi\u1ec7c duy tr\u00ec m\u1ee9c \u0111\u1ed9 s\u1ee9c kh\u1ecfe cao nh\u1ea5t c\u00f3 th\u1ec3. Ch\u0103m s\u00f3c y t\u00e1 t\u1ea1i nh\u00e0 c\u00f3 gi\u1ea5y ph\u00e9p h\u00e0nh ngh\u1ec1 c\u00f3 ngh\u0129a l\u00e0 h\u1ed7 tr\u1ee3 c\u00e1 nh\u00e2n ho\u1eb7c nh\u00f3m c\u00e1 nh\u00e2n \u0111\u1ec3 th\u00fac \u0111\u1ea9y, duy tr\u00ec ho\u1eb7c ph\u1ee5c h\u1ed3i [\u2026]<\/p>","protected":false},"author":8,"featured_media":0,"parent":0,"menu_order":0,"comment_status":"closed","ping_status":"closed","template":"","meta":{"_acf_changed":false,"footnotes":""},"class_list":["post-4770","page","type-page","status-publish","hentry"],"acf":[],"yoast_head":"<!-- This site is optimized with the Yoast SEO plugin v26.0 - https:\/\/yoast.com\/wordpress\/plugins\/seo\/ -->\n<title>job-duties-rn - Montana - Consumer Direct Care<\/title>\n<meta name=\"robots\" content=\"index, follow, max-snippet:-1, max-image-preview:large, max-video-preview:-1\" \/>\n<link rel=\"canonical\" href=\"https:\/\/www.consumerdirectmt.com\/vi\/job-duties-rn\/\" \/>\n<meta property=\"og:locale\" content=\"vi_VN\" \/>\n<meta property=\"og:type\" content=\"article\" \/>\n<meta property=\"og:title\" content=\"job-duties-rn - Montana - Consumer Direct Care\" \/>\n<meta property=\"og:description\" content=\"The goal of nursing care in the home is to assist the client and family improve quality of life by helping the client become as independent as possible through the maintenance of the highest level of health possible. Home health licensed practical nursing means assisting individuals or groups of individuals to promote, maintain, or restore [&hellip;]\" \/>\n<meta property=\"og:url\" content=\"https:\/\/www.consumerdirectmt.com\/vi\/job-duties-rn\/\" \/>\n<meta property=\"og:site_name\" content=\"Montana - Consumer Direct Care\" \/>\n<meta property=\"article:modified_time\" content=\"2025-10-13T06:34:17+00:00\" \/>\n<meta name=\"twitter:card\" content=\"summary_large_image\" \/>\n<meta name=\"twitter:label1\" content=\"\u01af\u1edbc t\u00ednh th\u1eddi gian \u0111\u1ecdc\" \/>\n\t<meta name=\"twitter:data1\" content=\"2 ph\u00fat\" \/>\n<script type=\"application\/ld+json\" class=\"yoast-schema-graph\">{\"@context\":\"https:\/\/schema.org\",\"@graph\":[{\"@type\":\"WebPage\",\"@id\":\"https:\/\/www.consumerdirectmt.com\/job-duties-rn\/\",\"url\":\"https:\/\/www.consumerdirectmt.com\/job-duties-rn\/\",\"name\":\"job-duties-rn - Montana - Consumer Direct Care\",\"isPartOf\":{\"@id\":\"https:\/\/www.consumerdirectmt.com\/#website\"},\"datePublished\":\"2025-08-28T05:49:24+00:00\",\"dateModified\":\"2025-10-13T06:34:17+00:00\",\"breadcrumb\":{\"@id\":\"https:\/\/www.consumerdirectmt.com\/job-duties-rn\/#breadcrumb\"},\"inLanguage\":\"vi\",\"potentialAction\":[{\"@type\":\"ReadAction\",\"target\":[\"https:\/\/www.consumerdirectmt.com\/job-duties-rn\/\"]}]},{\"@type\":\"BreadcrumbList\",\"@id\":\"https:\/\/www.consumerdirectmt.com\/job-duties-rn\/#breadcrumb\",\"itemListElement\":[{\"@type\":\"ListItem\",\"position\":1,\"name\":\"Home\",\"item\":\"https:\/\/www.consumerdirectmt.com\/\"},{\"@type\":\"ListItem\",\"position\":2,\"name\":\"job-duties-rn\"}]},{\"@type\":\"WebSite\",\"@id\":\"https:\/\/www.consumerdirectmt.com\/#website\",\"url\":\"https:\/\/www.consumerdirectmt.com\/\",\"name\":\"Montana - Consumer Direct Care\",\"description\":\"\",\"publisher\":{\"@id\":\"https:\/\/www.consumerdirectmt.com\/#organization\"},\"potentialAction\":[{\"@type\":\"SearchAction\",\"target\":{\"@type\":\"EntryPoint\",\"urlTemplate\":\"https:\/\/www.consumerdirectmt.com\/?s={search_term_string}\"},\"query-input\":{\"@type\":\"PropertyValueSpecification\",\"valueRequired\":true,\"valueName\":\"search_term_string\"}}],\"inLanguage\":\"vi\"},{\"@type\":\"Organization\",\"@id\":\"https:\/\/www.consumerdirectmt.com\/#organization\",\"name\":\"Montana - Consumer Direct Care\",\"url\":\"https:\/\/www.consumerdirectmt.com\/\",\"logo\":{\"@type\":\"ImageObject\",\"inLanguage\":\"vi\",\"@id\":\"https:\/\/www.consumerdirectmt.com\/#\/schema\/logo\/image\/\",\"url\":\"https:\/\/www.consumerdirectmt.com\/wp-content\/uploads\/sites\/13\/2025\/07\/CDCN-Logotype.png\",\"contentUrl\":\"https:\/\/www.consumerdirectmt.com\/wp-content\/uploads\/sites\/13\/2025\/07\/CDCN-Logotype.png\",\"width\":158,\"height\":48,\"caption\":\"Montana - Consumer Direct Care\"},\"image\":{\"@id\":\"https:\/\/www.consumerdirectmt.com\/#\/schema\/logo\/image\/\"}}]}<\/script>\n<!-- \/ Yoast SEO plugin. -->","yoast_head_json":{"title":"job-duties-rn - Montana - Consumer Direct Care","robots":{"index":"index","follow":"follow","max-snippet":"max-snippet:-1","max-image-preview":"max-image-preview:large","max-video-preview":"max-video-preview:-1"},"canonical":"https:\/\/www.consumerdirectmt.com\/vi\/job-duties-rn\/","og_locale":"vi_VN","og_type":"article","og_title":"job-duties-rn - Montana - Consumer Direct Care","og_description":"The goal of nursing care in the home is to assist the client and family improve quality of life by helping the client become as independent as possible through the maintenance of the highest level of health possible. Home health licensed practical nursing means assisting individuals or groups of individuals to promote, maintain, or restore [&hellip;]","og_url":"https:\/\/www.consumerdirectmt.com\/vi\/job-duties-rn\/","og_site_name":"Montana - Consumer Direct Care","article_modified_time":"2025-10-13T06:34:17+00:00","twitter_card":"summary_large_image","twitter_misc":{"\u01af\u1edbc t\u00ednh th\u1eddi gian \u0111\u1ecdc":"2 ph\u00fat"},"schema":{"@context":"https:\/\/schema.org","@graph":[{"@type":"WebPage","@id":"https:\/\/www.consumerdirectmt.com\/job-duties-rn\/","url":"https:\/\/www.consumerdirectmt.com\/job-duties-rn\/","name":"job-duties-rn - Montana - Consumer Direct Care","isPartOf":{"@id":"https:\/\/www.consumerdirectmt.com\/#website"},"datePublished":"2025-08-28T05:49:24+00:00","dateModified":"2025-10-13T06:34:17+00:00","breadcrumb":{"@id":"https:\/\/www.consumerdirectmt.com\/job-duties-rn\/#breadcrumb"},"inLanguage":"vi","potentialAction":[{"@type":"ReadAction","target":["https:\/\/www.consumerdirectmt.com\/job-duties-rn\/"]}]},{"@type":"BreadcrumbList","@id":"https:\/\/www.consumerdirectmt.com\/job-duties-rn\/#breadcrumb","itemListElement":[{"@type":"ListItem","position":1,"name":"Home","item":"https:\/\/www.consumerdirectmt.com\/"},{"@type":"ListItem","position":2,"name":"job-duties-rn"}]},{"@type":"WebSite","@id":"https:\/\/www.consumerdirectmt.com\/#website","url":"https:\/\/www.consumerdirectmt.com\/","name":"Montana - Ch\u0103m s\u00f3c tr\u1ef1c ti\u1ebfp cho ng\u01b0\u1eddi ti\u00eau d\u00f9ng","description":"","publisher":{"@id":"https:\/\/www.consumerdirectmt.com\/#organization"},"potentialAction":[{"@type":"SearchAction","target":{"@type":"EntryPoint","urlTemplate":"https:\/\/www.consumerdirectmt.com\/?s={search_term_string}"},"query-input":{"@type":"PropertyValueSpecification","valueRequired":true,"valueName":"search_term_string"}}],"inLanguage":"vi"},{"@type":"Organization","@id":"https:\/\/www.consumerdirectmt.com\/#organization","name":"Montana - Ch\u0103m s\u00f3c tr\u1ef1c ti\u1ebfp cho ng\u01b0\u1eddi ti\u00eau d\u00f9ng","url":"https:\/\/www.consumerdirectmt.com\/","logo":{"@type":"ImageObject","inLanguage":"vi","@id":"https:\/\/www.consumerdirectmt.com\/#\/schema\/logo\/image\/","url":"https:\/\/www.consumerdirectmt.com\/wp-content\/uploads\/sites\/13\/2025\/07\/CDCN-Logotype.png","contentUrl":"https:\/\/www.consumerdirectmt.com\/wp-content\/uploads\/sites\/13\/2025\/07\/CDCN-Logotype.png","width":158,"height":48,"caption":"Montana - Consumer Direct Care"},"image":{"@id":"https:\/\/www.consumerdirectmt.com\/#\/schema\/logo\/image\/"}}]}},"_links":{"self":[{"href":"https:\/\/www.consumerdirectmt.com\/vi\/wp-json\/wp\/v2\/pages\/4770","targetHints":{"allow":["GET"]}}],"collection":[{"href":"https:\/\/www.consumerdirectmt.com\/vi\/wp-json\/wp\/v2\/pages"}],"about":[{"href":"https:\/\/www.consumerdirectmt.com\/vi\/wp-json\/wp\/v2\/types\/page"}],"author":[{"embeddable":true,"href":"https:\/\/www.consumerdirectmt.com\/vi\/wp-json\/wp\/v2\/users\/8"}],"replies":[{"embeddable":true,"href":"https:\/\/www.consumerdirectmt.com\/vi\/wp-json\/wp\/v2\/comments?post=4770"}],"version-history":[{"count":26,"href":"https:\/\/www.consumerdirectmt.com\/vi\/wp-json\/wp\/v2\/pages\/4770\/revisions"}],"predecessor-version":[{"id":5713,"href":"https:\/\/www.consumerdirectmt.com\/vi\/wp-json\/wp\/v2\/pages\/4770\/revisions\/5713"}],"wp:attachment":[{"href":"https:\/\/www.consumerdirectmt.com\/vi\/wp-json\/wp\/v2\/media?parent=4770"}],"curies":[{"name":"wp","href":"https:\/\/api.w.org\/{rel}","templated":true}]}}