{"id":4770,"date":"2025-08-28T05:49:24","date_gmt":"2025-08-28T05:49:24","guid":{"rendered":"https:\/\/staging-dev-mt.cdcndevelopment.com\/?page_id=4770"},"modified":"2025-10-13T06:34:17","modified_gmt":"2025-10-13T06:34:17","slug":"job-duties-rn","status":"publish","type":"page","link":"https:\/\/www.consumerdirectmt.com\/es\/job-duties-rn\/","title":{"rendered":"funciones-trabajo-rn"},"content":{"rendered":"<div data-elementor-type=\"wp-page\" data-elementor-id=\"4770\" class=\"elementor elementor-4770\" data-elementor-post-type=\"page\">\n\t\t\t\t<div class=\"elementor-element elementor-element-65efcc66 e-flex e-con-boxed e-con e-parent\" data-id=\"65efcc66\" data-element_type=\"container\">\n\t\t\t\t\t<div class=\"e-con-inner\">\n\t\t\t\t<div class=\"elementor-element elementor-element-78e0f087 elementor-widget elementor-widget-text-editor\" data-id=\"78e0f087\" data-element_type=\"widget\" data-widget_type=\"text-editor.default\">\n\t\t\t\t<div class=\"elementor-widget-container\">\n\t\t\t\t\t\t\t\t\t\n<p>El objetivo de los cuidados de enfermer\u00eda a domicilio es ayudar al cliente y a su familia a mejorar su calidad de vida ayud\u00e1ndole a ser lo m\u00e1s independiente posible mediante el mantenimiento del nivel de salud m\u00e1s alto posible. Enfermer\u00eda pr\u00e1ctica licenciada en salud domiciliaria significa ayudar a individuos o grupos de individuos a promover, mantener o restaurar una salud \u00f3ptima a lo largo del proceso vital evaluando, informando y registrando su estado de salud; participando en la planificaci\u00f3n; implementando una estrategia de atenci\u00f3n para lograr objetivos definidos que pueden incluir relaciones de asociaci\u00f3n con terapeutas, trabajadores sociales, dietistas, enfermeras registradas y auxiliares de salud domiciliaria; y contribuyendo a la evaluaci\u00f3n de la atenci\u00f3n y el tratamiento.<\/p>\n\n<h5 class=\"wp-block-heading heading5_spaces\">FUNCIONES ESENCIALES - RN<\/h5>\n\n<ul class=\"wp-block-list\">\n<li>Ayuda a facilitar la atenci\u00f3n al cliente y colabora con el Director de Programas y Operaciones en el plan de atenci\u00f3n.<\/li>\n\n<li>Observa, identifica y documenta cualquier signo y s\u00edntoma de cambios en el estado f\u00edsico, emocional\/mental\/social del cliente, sus reacciones y medicamentos, y los factores de seguridad del entorno.<\/li>\n\n<li>Ense\u00f1a, supervisa y asesora al cliente y\/o a los cuidadores en el domicilio sobre las necesidades de cuidados de enfermer\u00eda y otros problemas relacionados con la asistencia sanitaria a domicilio para promover la continuidad de los cuidados.<\/li>\n\n<li>Mantiene registros precisos y puntuales y respeta la confidencialidad de la historia cl\u00ednica.<\/li>\n\n<li>Participa en la revisi\u00f3n de la recertificaci\u00f3n del plan de cuidados del m\u00e9dico, incluida la redacci\u00f3n de valoraciones de enfermer\u00eda y res\u00famenes de alta, seg\u00fan lo solicite el director de programas\/operaciones.<\/li>\n\n<li>Asiste a las reuniones del personal y del personal interdisciplinario, a las reuniones de enfermer\u00eda y a los servicios de formaci\u00f3n programados.<\/li>\n\n<li>Ayuda en la deambulaci\u00f3n y los traslados.<\/li>\n\n<li>Ayuda con los ejercicios de amplitud de movimiento seg\u00fan el plan de cuidados.<\/li>\n\n<li>Informa inmediatamente a la enfermera supervisora de cualquier cambio en el estado del cliente.<\/li>\n\n<li>Puede participar en la orientaci\u00f3n de nuevos enfermeros acompa\u00f1ando al enfermero diplomado en las visitas domiciliarias.<\/li>\n\n<li>Otras tareas que se le asignen.<\/li>\n\n<li>CDCN se reserva el derecho a modificar la descripci\u00f3n del puesto de trabajo sin contar con la opini\u00f3n del empleado.<\/li>\n<\/ul>\n\n<h5 class=\"wp-block-heading heading5_spaces\">NORMAS LABORALES<\/h5>\n\n<ul class=\"wp-block-list\">\n<li>Graduado de una escuela acreditada de enfermer\u00eda y licenciado como RN o LPN.<\/li>\n\n<li>Preferiblemente, experiencia en sanidad a domicilio.<\/li>\n\n<li>Cumplimiento exigido de los requisitos del Estado de Montana para la obtenci\u00f3n de la licencia vigente de enfermero titulado o enfermero pr\u00e1ctico titulado.<\/li>\n\n<li>Cumplimentaci\u00f3n de la autodeclaraci\u00f3n para la lista de comprobaci\u00f3n de conocimientos\/habilidades\/competencias.<\/li>\n\n<li>Haber superado todas las pruebas de aptitud exigidas.<\/li>\n\n<li>Capacidad para trabajar en un entorno de ritmo r\u00e1pido.<\/li>\n\n<li>Gran capacidad de organizaci\u00f3n.<\/li>\n\n<li>Excelentes dotes de documentaci\u00f3n y comunicaci\u00f3n verbal.<\/li>\n\n<li>Capacidad demostrada para trabajar de forma independiente e interdependiente.<\/li>\n\n<li>Prueba de que la prueba de la tuberculosis ha sido negativa en el pasado.<\/li>\n\n<li>Mantener actualizada la certificaci\u00f3n de RCP.<\/li>\n\n<li>Otros:\n<ul class=\"wp-block-list\">\n<li>Completar el proceso de contrataci\u00f3n.<\/li>\n\n<li>Proporcione referencias.<\/li>\n\n<li>Cumplir los requisitos de la OSHA.<\/li>\n\n<li>Cumplir las normas profesionales y del sector en materia de pr\u00e1ctica y cuidados.<\/li>\n\n<li>Respetar la \u00e9tica profesional y del sector.<\/li>\n\n<li>Debe tener un permiso de conducir de Montana en vigor y un seguro de autom\u00f3vil v\u00e1lido.<\/li>\n\n<li>Debe disponer de un medio de transporte fiable.<\/li>\n<\/ul>\n<\/li>\n<\/ul>\n\n<h5 class=\"wp-block-heading heading5_spaces\">CONDICIONES DE TRABAJO\/ENTORNO<\/h5>\n\n<p>Trabaja principalmente en la zona donde ha sido contratado. Se requerir\u00e1n desplazamientos locales y, ocasionalmente, viajes de larga distancia.<br \/>Transporte. Debe tener acceso a un tel\u00e9fono.<\/p>\n\t\t\t\t\t\t\t\t<\/div>\n\t\t\t\t<\/div>\n\t\t\t\t\t<\/div>\n\t\t\t\t<\/div>\n\t\t\t\t<\/div>","protected":false},"excerpt":{"rendered":"<p>El objetivo de los cuidados de enfermer\u00eda a domicilio es ayudar al cliente y a su familia a mejorar la calidad de vida, ayud\u00e1ndole a ser lo m\u00e1s independiente posible mediante el mantenimiento del nivel de salud m\u00e1s alto posible. Enfermer\u00eda pr\u00e1ctica licenciada en salud en el hogar significa ayudar a individuos o grupos de individuos a promover, mantener o restaurar [...]<\/p>","protected":false},"author":8,"featured_media":0,"parent":0,"menu_order":0,"comment_status":"closed","ping_status":"closed","template":"","meta":{"_acf_changed":false,"footnotes":""},"class_list":["post-4770","page","type-page","status-publish","hentry"],"acf":[],"yoast_head":"<!-- This site is optimized with the Yoast SEO plugin v26.0 - https:\/\/yoast.com\/wordpress\/plugins\/seo\/ -->\n<title>job-duties-rn - Montana - Consumer Direct Care<\/title>\n<meta name=\"robots\" content=\"index, follow, max-snippet:-1, max-image-preview:large, max-video-preview:-1\" \/>\n<link rel=\"canonical\" href=\"https:\/\/www.consumerdirectmt.com\/es\/job-duties-rn\/\" \/>\n<meta property=\"og:locale\" content=\"es_ES\" \/>\n<meta property=\"og:type\" content=\"article\" \/>\n<meta property=\"og:title\" content=\"job-duties-rn - Montana - Consumer Direct Care\" \/>\n<meta property=\"og:description\" content=\"The goal of nursing care in the home is to assist the client and family improve quality of life by helping the client become as independent as possible through the maintenance of the highest level of health possible. Home health licensed practical nursing means assisting individuals or groups of individuals to promote, maintain, or restore [&hellip;]\" \/>\n<meta property=\"og:url\" content=\"https:\/\/www.consumerdirectmt.com\/es\/job-duties-rn\/\" \/>\n<meta property=\"og:site_name\" content=\"Montana - Consumer Direct Care\" \/>\n<meta property=\"article:modified_time\" content=\"2025-10-13T06:34:17+00:00\" \/>\n<meta name=\"twitter:card\" content=\"summary_large_image\" \/>\n<meta name=\"twitter:label1\" content=\"Tiempo de lectura\" \/>\n\t<meta name=\"twitter:data1\" content=\"2 minutos\" \/>\n<script type=\"application\/ld+json\" class=\"yoast-schema-graph\">{\"@context\":\"https:\/\/schema.org\",\"@graph\":[{\"@type\":\"WebPage\",\"@id\":\"https:\/\/www.consumerdirectmt.com\/job-duties-rn\/\",\"url\":\"https:\/\/www.consumerdirectmt.com\/job-duties-rn\/\",\"name\":\"job-duties-rn - Montana - Consumer Direct Care\",\"isPartOf\":{\"@id\":\"https:\/\/www.consumerdirectmt.com\/#website\"},\"datePublished\":\"2025-08-28T05:49:24+00:00\",\"dateModified\":\"2025-10-13T06:34:17+00:00\",\"breadcrumb\":{\"@id\":\"https:\/\/www.consumerdirectmt.com\/job-duties-rn\/#breadcrumb\"},\"inLanguage\":\"es\",\"potentialAction\":[{\"@type\":\"ReadAction\",\"target\":[\"https:\/\/www.consumerdirectmt.com\/job-duties-rn\/\"]}]},{\"@type\":\"BreadcrumbList\",\"@id\":\"https:\/\/www.consumerdirectmt.com\/job-duties-rn\/#breadcrumb\",\"itemListElement\":[{\"@type\":\"ListItem\",\"position\":1,\"name\":\"Home\",\"item\":\"https:\/\/www.consumerdirectmt.com\/\"},{\"@type\":\"ListItem\",\"position\":2,\"name\":\"job-duties-rn\"}]},{\"@type\":\"WebSite\",\"@id\":\"https:\/\/www.consumerdirectmt.com\/#website\",\"url\":\"https:\/\/www.consumerdirectmt.com\/\",\"name\":\"Montana - Consumer Direct Care\",\"description\":\"\",\"publisher\":{\"@id\":\"https:\/\/www.consumerdirectmt.com\/#organization\"},\"potentialAction\":[{\"@type\":\"SearchAction\",\"target\":{\"@type\":\"EntryPoint\",\"urlTemplate\":\"https:\/\/www.consumerdirectmt.com\/?s={search_term_string}\"},\"query-input\":{\"@type\":\"PropertyValueSpecification\",\"valueRequired\":true,\"valueName\":\"search_term_string\"}}],\"inLanguage\":\"es\"},{\"@type\":\"Organization\",\"@id\":\"https:\/\/www.consumerdirectmt.com\/#organization\",\"name\":\"Montana - Consumer Direct Care\",\"url\":\"https:\/\/www.consumerdirectmt.com\/\",\"logo\":{\"@type\":\"ImageObject\",\"inLanguage\":\"es\",\"@id\":\"https:\/\/www.consumerdirectmt.com\/#\/schema\/logo\/image\/\",\"url\":\"https:\/\/www.consumerdirectmt.com\/wp-content\/uploads\/sites\/13\/2025\/07\/CDCN-Logotype.png\",\"contentUrl\":\"https:\/\/www.consumerdirectmt.com\/wp-content\/uploads\/sites\/13\/2025\/07\/CDCN-Logotype.png\",\"width\":158,\"height\":48,\"caption\":\"Montana - Consumer Direct Care\"},\"image\":{\"@id\":\"https:\/\/www.consumerdirectmt.com\/#\/schema\/logo\/image\/\"}}]}<\/script>\n<!-- \/ Yoast SEO plugin. -->","yoast_head_json":{"title":"job-duties-rn - Montana - Consumer Direct Care","robots":{"index":"index","follow":"follow","max-snippet":"max-snippet:-1","max-image-preview":"max-image-preview:large","max-video-preview":"max-video-preview:-1"},"canonical":"https:\/\/www.consumerdirectmt.com\/es\/job-duties-rn\/","og_locale":"es_ES","og_type":"article","og_title":"job-duties-rn - Montana - Consumer Direct Care","og_description":"The goal of nursing care in the home is to assist the client and family improve quality of life by helping the client become as independent as possible through the maintenance of the highest level of health possible. Home health licensed practical nursing means assisting individuals or groups of individuals to promote, maintain, or restore [&hellip;]","og_url":"https:\/\/www.consumerdirectmt.com\/es\/job-duties-rn\/","og_site_name":"Montana - Consumer Direct Care","article_modified_time":"2025-10-13T06:34:17+00:00","twitter_card":"summary_large_image","twitter_misc":{"Tiempo de lectura":"2 minutos"},"schema":{"@context":"https:\/\/schema.org","@graph":[{"@type":"WebPage","@id":"https:\/\/www.consumerdirectmt.com\/job-duties-rn\/","url":"https:\/\/www.consumerdirectmt.com\/job-duties-rn\/","name":"job-duties-rn - Montana - Consumer Direct Care","isPartOf":{"@id":"https:\/\/www.consumerdirectmt.com\/#website"},"datePublished":"2025-08-28T05:49:24+00:00","dateModified":"2025-10-13T06:34:17+00:00","breadcrumb":{"@id":"https:\/\/www.consumerdirectmt.com\/job-duties-rn\/#breadcrumb"},"inLanguage":"es","potentialAction":[{"@type":"ReadAction","target":["https:\/\/www.consumerdirectmt.com\/job-duties-rn\/"]}]},{"@type":"BreadcrumbList","@id":"https:\/\/www.consumerdirectmt.com\/job-duties-rn\/#breadcrumb","itemListElement":[{"@type":"ListItem","position":1,"name":"Home","item":"https:\/\/www.consumerdirectmt.com\/"},{"@type":"ListItem","position":2,"name":"job-duties-rn"}]},{"@type":"WebSite","@id":"https:\/\/www.consumerdirectmt.com\/#website","url":"https:\/\/www.consumerdirectmt.com\/","name":"Montana - Atenci\u00f3n directa al consumidor","description":"","publisher":{"@id":"https:\/\/www.consumerdirectmt.com\/#organization"},"potentialAction":[{"@type":"SearchAction","target":{"@type":"EntryPoint","urlTemplate":"https:\/\/www.consumerdirectmt.com\/?s={search_term_string}"},"query-input":{"@type":"PropertyValueSpecification","valueRequired":true,"valueName":"search_term_string"}}],"inLanguage":"es"},{"@type":"Organization","@id":"https:\/\/www.consumerdirectmt.com\/#organization","name":"Montana - Atenci\u00f3n directa al consumidor","url":"https:\/\/www.consumerdirectmt.com\/","logo":{"@type":"ImageObject","inLanguage":"es","@id":"https:\/\/www.consumerdirectmt.com\/#\/schema\/logo\/image\/","url":"https:\/\/www.consumerdirectmt.com\/wp-content\/uploads\/sites\/13\/2025\/07\/CDCN-Logotype.png","contentUrl":"https:\/\/www.consumerdirectmt.com\/wp-content\/uploads\/sites\/13\/2025\/07\/CDCN-Logotype.png","width":158,"height":48,"caption":"Montana - Consumer Direct Care"},"image":{"@id":"https:\/\/www.consumerdirectmt.com\/#\/schema\/logo\/image\/"}}]}},"_links":{"self":[{"href":"https:\/\/www.consumerdirectmt.com\/es\/wp-json\/wp\/v2\/pages\/4770","targetHints":{"allow":["GET"]}}],"collection":[{"href":"https:\/\/www.consumerdirectmt.com\/es\/wp-json\/wp\/v2\/pages"}],"about":[{"href":"https:\/\/www.consumerdirectmt.com\/es\/wp-json\/wp\/v2\/types\/page"}],"author":[{"embeddable":true,"href":"https:\/\/www.consumerdirectmt.com\/es\/wp-json\/wp\/v2\/users\/8"}],"replies":[{"embeddable":true,"href":"https:\/\/www.consumerdirectmt.com\/es\/wp-json\/wp\/v2\/comments?post=4770"}],"version-history":[{"count":26,"href":"https:\/\/www.consumerdirectmt.com\/es\/wp-json\/wp\/v2\/pages\/4770\/revisions"}],"predecessor-version":[{"id":5713,"href":"https:\/\/www.consumerdirectmt.com\/es\/wp-json\/wp\/v2\/pages\/4770\/revisions\/5713"}],"wp:attachment":[{"href":"https:\/\/www.consumerdirectmt.com\/es\/wp-json\/wp\/v2\/media?parent=4770"}],"curies":[{"name":"wp","href":"https:\/\/api.w.org\/{rel}","templated":true}]}}